{"id":1401,"date":"2021-02-25T19:20:12","date_gmt":"2021-02-25T19:20:12","guid":{"rendered":"https:\/\/advertis.ee\/?page_id=1401"},"modified":"2021-02-25T19:25:31","modified_gmt":"2021-02-25T19:25:31","slug":"privaatsuspoliitika","status":"publish","type":"page","link":"https:\/\/advertis.ee\/en\/privaatsuspoliitika\/","title":{"rendered":"Privacy Policy"},"content":{"rendered":"<div data-elementor-type=\"wp-page\" data-elementor-id=\"1401\" class=\"elementor elementor-1401\">\n\t\t\t\t\t\t<section class=\"elementor-section elementor-top-section elementor-element elementor-element-d7a8e9b elementor-section-boxed elementor-section-height-default elementor-section-height-default\" data-id=\"d7a8e9b\" data-element_type=\"section\">\n\t\t\t\t\t\t<div class=\"elementor-container elementor-column-gap-default\">\n\t\t\t\t\t<div class=\"elementor-column elementor-col-100 elementor-top-column elementor-element elementor-element-be0a828\" data-id=\"be0a828\" data-element_type=\"column\">\n\t\t\t<div class=\"elementor-widget-wrap\">\n\t\t\t\t\t\t\t<\/div>\n\t\t<\/div>\n\t\t\t\t\t<\/div>\n\t\t<\/section>\n\t\t\t\t<section class=\"elementor-section elementor-top-section elementor-element elementor-element-edc88f0 elementor-section-boxed elementor-section-height-default elementor-section-height-default\" data-id=\"edc88f0\" data-element_type=\"section\">\n\t\t\t\t\t\t<div class=\"elementor-container elementor-column-gap-default\">\n\t\t\t\t\t<div class=\"elementor-column elementor-col-100 elementor-top-column elementor-element elementor-element-1ff82c9\" data-id=\"1ff82c9\" data-element_type=\"column\">\n\t\t\t<div class=\"elementor-widget-wrap elementor-element-populated\">\n\t\t\t\t\t\t<div class=\"elementor-element elementor-element-81a8b36 elementor-widget elementor-widget-heading\" data-id=\"81a8b36\" data-element_type=\"widget\" data-widget_type=\"heading.default\">\n\t\t\t\t<div class=\"elementor-widget-container\">\n\t\t\t\t\t<h2 class=\"elementor-heading-title elementor-size-default\">Privacy Policy<\/h2>\t\t\t\t<\/div>\n\t\t\t\t<\/div>\n\t\t\t\t<div class=\"elementor-element elementor-element-995164d elementor-widget elementor-widget-text-editor\" data-id=\"995164d\" data-element_type=\"widget\" data-widget_type=\"text-editor.default\">\n\t\t\t\t<div class=\"elementor-widget-container\">\n\t\t\t\t\t\t\t\t\t<p style=\"text-align: center;\">Valid from 25.02.2021<\/p><p>Advertis O\u00dc, registry code 14295016, location P\u00e4rna 8, P\u00e4rnu, 80014, Estonia (hereinafter \u201cAdvertis\u201d) is the owner and operator of the website www.advertis.ee (hereinafter website).<\/p><p>The purpose of the website is to advertise the services offered by Advertise and the work done. Advertisement blog posts are also featured. A website visitor (hereinafter \u201cvisitor\u201d) uses the website for the purpose of gaining new knowledge in the field of web development and \/ or receiving an offer for his \/ her web development project.<\/p><p>Advertis confirms that it complies with the requirements of the General Data Protection Regulation 2016\/679 when processing data. With this privacy policy, Advertis wants to inform users about the processing of this data.<\/p><p>Advertis reserves the right to change this Privacy Policy at any time.<\/p><p><strong>1. DATA TO BE COLLECTED<\/strong><\/p><p>Advertis processes user data that a visitor voluntarily publishes on the Advertise website. Visitors understand that disclosure to Advertis is voluntary.<\/p><p>Advertis collects and processes the following data about users (collectively, &quot;Personal Data&quot;):<\/p><p>Name and e-mail.<br \/>Other data that the user chooses to publish about himself on the platform.<\/p><p><strong>2. PURPOSE AND LEGAL BASIS<\/strong><\/p><p>Advertisers process users&#039; Personal Data only for the purposes provided by law or this Privacy Policy, including the following purposes: to identify and contact the user, to provide development services, to provide relevant advertising.<\/p><p><strong>3. DATA TRANSMISSION AND STORAGE<\/strong><\/p><p>Advertis may transfer the User&#039;s Personal Data to third parties with whom a cooperation agreement has previously been concluded. Advertis confirms that it has made every effort to ensure that the aforementioned third parties ensure the confidentiality and security of Personal Data.<\/p><p>Advertiser retains the User&#039;s Personal Data for as long as required or permitted by law, but not longer than is reasonably necessary for Advertiser to achieve the purposes for which the data was collected or processed.<\/p><p><strong>4. USER RIGHTS IN DATA COLLECTION<\/strong><\/p><p>In connection with the processing of personal data, the user has the right to:<\/p><p>Request access to the Personal Data collected about the user by Advertis and request a copy of the Personal Data;<\/p><p>Request the correction, supplementation or deletion of Personal Data if they do not correspond to reality or are not processed in accordance with the applicable requirements;<\/p><p>Require, in cases provided by law, that Advertis restrict the collection, processing or use of Personal Data about the user;<br \/>Submit a complaint to the Data Protection Inspectorate in case of violation of your rights.<\/p><p><strong>5. COOKIES<\/strong><\/p><p>Advertis uses cookies and other tracking tools on the platform, which help to optimize the user experience of visitors to the Advertis website and thus ensure the high quality of the service provided and the user&#039;s convenient navigation on the platform.<\/p><p>Cookies are by nature text files that are stored on a user&#039;s computer, smartphone or other device.<\/p><p>The user can delete or block cookies at any time in their browser settings, but some cookies may be necessary for the service provided on the platform to work. As a result, the user understands that by blocking or deleting cookies, some features of the platform may not work properly.<\/p><p><strong>6. CONTACT DETAILS<\/strong><\/p><p>If the user wishes to exercise any of the rights specified in clause 4 of this Privacy Policy or wishes to receive additional information about the processing of his \/ her Personal Data, please contact Advertis at the e-mail address info@advertis.ee.<\/p>\t\t\t\t\t\t\t\t<\/div>\n\t\t\t\t<\/div>\n\t\t\t\t\t<\/div>\n\t\t<\/div>\n\t\t\t\t\t<\/div>\n\t\t<\/section>\n\t\t\t\t<\/div>","protected":false},"excerpt":{"rendered":"<p>Privacy policy Valid from 25.02.2021 Advertis O\u00dc, registry code 14295016, location P\u00e4rna 8, P\u00e4rnu, 80014, Estonia (hereinafter \u201cAdvertis\u201d) is the owner and operator of the website www.advertis.ee (hereinafter website). The purpose of the website is to advertise the services offered by Advertise and the work done. In addition, Advertise blog posts are highlighted. The website visitor (hereinafter \u201cvisitor\u201d) uses the website for the purpose of gaining new knowledge in the field of web development\u2026<\/p>\n<p class=\"read-more\"> <a class=\"\" href=\"https:\/\/advertis.ee\/en\/privaatsuspoliitika\/\"> <span class=\"screen-reader-text\">Privacy Policy<\/span> Read More \u00bb<\/a><\/p>","protected":false},"author":1,"featured_media":0,"parent":0,"menu_order":0,"comment_status":"closed","ping_status":"closed","template":"","meta":{"footnotes":""},"yoast_head":"<!-- This site is optimized with the Yoast SEO plugin v24.5 - https:\/\/yoast.com\/wordpress\/plugins\/seo\/ -->\n<title>Privaatsuspoliitika - Advertis<\/title>\n<meta name=\"description\" content=\"A software development company providing digital business solutions for the modern world.\" \/>\n<meta name=\"robots\" content=\"index, follow, max-snippet:-1, max-image-preview:large, max-video-preview:-1\" \/>\n<link rel=\"canonical\" href=\"https:\/\/advertis.ee\/en\/privaatsuspoliitika\/\" \/>\n<meta property=\"og:locale\" content=\"en_GB\" \/>\n<meta property=\"og:type\" content=\"article\" \/>\n<meta property=\"og:title\" content=\"Privaatsuspoliitika - Advertis\" \/>\n<meta property=\"og:description\" content=\"A software development company providing digital business solutions for the modern world.\" \/>\n<meta property=\"og:url\" content=\"https:\/\/advertis.ee\/en\/privaatsuspoliitika\/\" \/>\n<meta property=\"og:site_name\" content=\"Advertis\" \/>\n<meta property=\"article:publisher\" content=\"https:\/\/www.facebook.com\/advertisEST\" \/>\n<meta property=\"article:modified_time\" content=\"2021-02-25T19:25:31+00:00\" \/>\n<meta name=\"twitter:card\" content=\"summary_large_image\" \/>\n<meta name=\"twitter:label1\" content=\"Estimated reading time\" \/>\n\t<meta name=\"twitter:data1\" content=\"2 minutes\" \/>\n<script type=\"application\/ld+json\" class=\"yoast-schema-graph\">{\"@context\":\"https:\/\/schema.org\",\"@graph\":[{\"@type\":\"WebPage\",\"@id\":\"https:\/\/advertis.ee\/privaatsuspoliitika\/\",\"url\":\"https:\/\/advertis.ee\/privaatsuspoliitika\/\",\"name\":\"Privaatsuspoliitika - Advertis\",\"isPartOf\":{\"@id\":\"https:\/\/advertis.ee\/#website\"},\"datePublished\":\"2021-02-25T19:20:12+00:00\",\"dateModified\":\"2021-02-25T19:25:31+00:00\",\"description\":\"A software development company providing digital business solutions for the modern world.\",\"breadcrumb\":{\"@id\":\"https:\/\/advertis.ee\/privaatsuspoliitika\/#breadcrumb\"},\"inLanguage\":\"en-GB\",\"potentialAction\":[{\"@type\":\"ReadAction\",\"target\":[\"https:\/\/advertis.ee\/privaatsuspoliitika\/\"]}]},{\"@type\":\"BreadcrumbList\",\"@id\":\"https:\/\/advertis.ee\/privaatsuspoliitika\/#breadcrumb\",\"itemListElement\":[{\"@type\":\"ListItem\",\"position\":1,\"name\":\"Home\",\"item\":\"https:\/\/advertis.ee\/\"},{\"@type\":\"ListItem\",\"position\":2,\"name\":\"Privaatsuspoliitika\"}]},{\"@type\":\"WebSite\",\"@id\":\"https:\/\/advertis.ee\/#website\",\"url\":\"https:\/\/advertis.ee\/\",\"name\":\"Advertis\",\"description\":\"A Digital Web Agency\",\"publisher\":{\"@id\":\"https:\/\/advertis.ee\/#organization\"},\"potentialAction\":[{\"@type\":\"SearchAction\",\"target\":{\"@type\":\"EntryPoint\",\"urlTemplate\":\"https:\/\/advertis.ee\/?s={search_term_string}\"},\"query-input\":{\"@type\":\"PropertyValueSpecification\",\"valueRequired\":true,\"valueName\":\"search_term_string\"}}],\"inLanguage\":\"en-GB\"},{\"@type\":\"Organization\",\"@id\":\"https:\/\/advertis.ee\/#organization\",\"name\":\"Advertis\",\"url\":\"https:\/\/advertis.ee\/\",\"logo\":{\"@type\":\"ImageObject\",\"inLanguage\":\"en-GB\",\"@id\":\"https:\/\/advertis.ee\/#\/schema\/logo\/image\/\",\"url\":\"https:\/\/i0.wp.com\/advertis.ee\/wp-content\/uploads\/2020\/07\/cropped-Logo-primary-transparent.png?fit=523%2C78&ssl=1\",\"contentUrl\":\"https:\/\/i0.wp.com\/advertis.ee\/wp-content\/uploads\/2020\/07\/cropped-Logo-primary-transparent.png?fit=523%2C78&ssl=1\",\"width\":523,\"height\":78,\"caption\":\"Advertis\"},\"image\":{\"@id\":\"https:\/\/advertis.ee\/#\/schema\/logo\/image\/\"},\"sameAs\":[\"https:\/\/www.facebook.com\/advertisEST\",\"https:\/\/www.linkedin.com\/company\/advertisoy\"]}]}<\/script>\n<!-- \/ Yoast SEO plugin. -->","yoast_head_json":{"title":"Privaatsuspoliitika - Advertis","description":"A software development company providing digital business solutions for the modern world.","robots":{"index":"index","follow":"follow","max-snippet":"max-snippet:-1","max-image-preview":"max-image-preview:large","max-video-preview":"max-video-preview:-1"},"canonical":"https:\/\/advertis.ee\/en\/privaatsuspoliitika\/","og_locale":"en_GB","og_type":"article","og_title":"Privaatsuspoliitika - Advertis","og_description":"A software development company providing digital business solutions for the modern world.","og_url":"https:\/\/advertis.ee\/en\/privaatsuspoliitika\/","og_site_name":"Advertis","article_publisher":"https:\/\/www.facebook.com\/advertisEST","article_modified_time":"2021-02-25T19:25:31+00:00","twitter_card":"summary_large_image","twitter_misc":{"Estimated reading time":"2 minutes"},"schema":{"@context":"https:\/\/schema.org","@graph":[{"@type":"WebPage","@id":"https:\/\/advertis.ee\/privaatsuspoliitika\/","url":"https:\/\/advertis.ee\/privaatsuspoliitika\/","name":"Privaatsuspoliitika - Advertis","isPartOf":{"@id":"https:\/\/advertis.ee\/#website"},"datePublished":"2021-02-25T19:20:12+00:00","dateModified":"2021-02-25T19:25:31+00:00","description":"A software development company providing digital business solutions for the modern world.","breadcrumb":{"@id":"https:\/\/advertis.ee\/privaatsuspoliitika\/#breadcrumb"},"inLanguage":"en-GB","potentialAction":[{"@type":"ReadAction","target":["https:\/\/advertis.ee\/privaatsuspoliitika\/"]}]},{"@type":"BreadcrumbList","@id":"https:\/\/advertis.ee\/privaatsuspoliitika\/#breadcrumb","itemListElement":[{"@type":"ListItem","position":1,"name":"Home","item":"https:\/\/advertis.ee\/"},{"@type":"ListItem","position":2,"name":"Privaatsuspoliitika"}]},{"@type":"WebSite","@id":"https:\/\/advertis.ee\/#website","url":"https:\/\/advertis.ee\/","name":"Advertis","description":"A Digital Web Agency","publisher":{"@id":"https:\/\/advertis.ee\/#organization"},"potentialAction":[{"@type":"SearchAction","target":{"@type":"EntryPoint","urlTemplate":"https:\/\/advertis.ee\/?s={search_term_string}"},"query-input":{"@type":"PropertyValueSpecification","valueRequired":true,"valueName":"search_term_string"}}],"inLanguage":"en-GB"},{"@type":"Organization","@id":"https:\/\/advertis.ee\/#organization","name":"Advertis","url":"https:\/\/advertis.ee\/","logo":{"@type":"ImageObject","inLanguage":"en-GB","@id":"https:\/\/advertis.ee\/#\/schema\/logo\/image\/","url":"https:\/\/i0.wp.com\/advertis.ee\/wp-content\/uploads\/2020\/07\/cropped-Logo-primary-transparent.png?fit=523%2C78&ssl=1","contentUrl":"https:\/\/i0.wp.com\/advertis.ee\/wp-content\/uploads\/2020\/07\/cropped-Logo-primary-transparent.png?fit=523%2C78&ssl=1","width":523,"height":78,"caption":"Advertis"},"image":{"@id":"https:\/\/advertis.ee\/#\/schema\/logo\/image\/"},"sameAs":["https:\/\/www.facebook.com\/advertisEST","https:\/\/www.linkedin.com\/company\/advertisoy"]}]}},"jetpack_sharing_enabled":true,"_links":{"self":[{"href":"https:\/\/advertis.ee\/en\/wp-json\/wp\/v2\/pages\/1401"}],"collection":[{"href":"https:\/\/advertis.ee\/en\/wp-json\/wp\/v2\/pages"}],"about":[{"href":"https:\/\/advertis.ee\/en\/wp-json\/wp\/v2\/types\/page"}],"author":[{"embeddable":true,"href":"https:\/\/advertis.ee\/en\/wp-json\/wp\/v2\/users\/1"}],"replies":[{"embeddable":true,"href":"https:\/\/advertis.ee\/en\/wp-json\/wp\/v2\/comments?post=1401"}],"version-history":[{"count":5,"href":"https:\/\/advertis.ee\/en\/wp-json\/wp\/v2\/pages\/1401\/revisions"}],"predecessor-version":[{"id":1444,"href":"https:\/\/advertis.ee\/en\/wp-json\/wp\/v2\/pages\/1401\/revisions\/1444"}],"wp:attachment":[{"href":"https:\/\/advertis.ee\/en\/wp-json\/wp\/v2\/media?parent=1401"}],"curies":[{"name":"wp","href":"https:\/\/api.w.org\/{rel}","templated":true}]}}