{"id":185,"date":"2020-07-25T20:52:48","date_gmt":"2020-07-25T20:52:48","guid":{"rendered":"https:\/\/advertis.ee\/?page_id=185"},"modified":"2022-07-26T10:51:58","modified_gmt":"2022-07-26T10:51:58","slug":"kontakt","status":"publish","type":"page","link":"https:\/\/advertis.ee\/en\/kontakt\/","title":{"rendered":"Contact"},"content":{"rendered":"\t\t<div data-elementor-type=\"wp-page\" data-elementor-id=\"185\" class=\"elementor elementor-185\">\n\t\t\t\t\t\t<section class=\"elementor-section elementor-top-section elementor-element elementor-element-2bb71154 elementor-section-height-min-height elementor-section-boxed elementor-section-height-default elementor-section-items-middle\" data-id=\"2bb71154\" data-element_type=\"section\" data-settings=\"{&quot;background_background&quot;:&quot;classic&quot;,&quot;shape_divider_bottom&quot;:&quot;waves&quot;}\">\n\t\t\t\t\t\t\t<div class=\"elementor-background-overlay\"><\/div>\n\t\t\t\t\t\t<div class=\"elementor-shape elementor-shape-bottom\" aria-hidden=\"true\" data-negative=\"false\">\n\t\t\t<svg xmlns=\"http:\/\/www.w3.org\/2000\/svg\" viewBox=\"0 0 1000 100\" preserveAspectRatio=\"none\">\n\t<path class=\"elementor-shape-fill\" d=\"M421.9,6.5c22.6-2.5,51.5,0.4,75.5,5.3c23.6,4.9,70.9,23.5,100.5,35.7c75.8,32.2,133.7,44.5,192.6,49.7\n\tc23.6,2.1,48.7,3.5,103.4-2.5c54.7-6,106.2-25.6,106.2-25.6V0H0v30.3c0,0,72,32.6,158.4,30.5c39.2-0.7,92.8-6.7,134-22.4\n\tc21.2-8.1,52.2-18.2,79.7-24.2C399.3,7.9,411.6,7.5,421.9,6.5z\"\/>\n<\/svg>\t\t<\/div>\n\t\t\t\t\t<div class=\"elementor-container elementor-column-gap-default\">\n\t\t\t\t\t<div class=\"elementor-column elementor-col-100 elementor-top-column elementor-element elementor-element-4e2a5e4\" data-id=\"4e2a5e4\" data-element_type=\"column\">\n\t\t\t<div class=\"elementor-widget-wrap elementor-element-populated\">\n\t\t\t\t\t\t<div class=\"elementor-element elementor-element-2977c08e animated-slow elementor-invisible elementor-widget elementor-widget-heading\" data-id=\"2977c08e\" data-element_type=\"widget\" data-settings=\"{&quot;_animation&quot;:&quot;zoomIn&quot;}\" data-widget_type=\"heading.default\">\n\t\t\t\t<div class=\"elementor-widget-container\">\n\t\t\t\t\t<h1 class=\"elementor-heading-title elementor-size-default\">Kontakt<\/h1>\t\t\t\t<\/div>\n\t\t\t\t<\/div>\n\t\t\t\t<div class=\"elementor-element elementor-element-5ffd6e28 animated-slow elementor-invisible elementor-widget elementor-widget-heading\" data-id=\"5ffd6e28\" data-element_type=\"widget\" data-settings=\"{&quot;_animation&quot;:&quot;zoomIn&quot;}\" data-widget_type=\"heading.default\">\n\t\t\t\t<div class=\"elementor-widget-container\">\n\t\t\t\t\t<h3 class=\"elementor-heading-title elementor-size-default\">Koost\u00f6\u00f6s peitub j\u00f5ud <\/h3>\t\t\t\t<\/div>\n\t\t\t\t<\/div>\n\t\t\t\t\t<\/div>\n\t\t<\/div>\n\t\t\t\t\t<\/div>\n\t\t<\/section>\n\t\t\t\t<section class=\"elementor-section elementor-top-section elementor-element elementor-element-5bc56b3a elementor-reverse-tablet elementor-reverse-mobile elementor-section-boxed elementor-section-height-default elementor-section-height-default\" data-id=\"5bc56b3a\" data-element_type=\"section\" data-settings=\"{&quot;background_background&quot;:&quot;classic&quot;}\">\n\t\t\t\t\t\t\t<div class=\"elementor-background-overlay\"><\/div>\n\t\t\t\t\t\t\t<div class=\"elementor-container elementor-column-gap-default\">\n\t\t\t\t\t<div class=\"elementor-column elementor-col-50 elementor-top-column elementor-element elementor-element-df08a1b\" data-id=\"df08a1b\" data-element_type=\"column\">\n\t\t\t<div class=\"elementor-widget-wrap elementor-element-populated\">\n\t\t\t\t\t\t<div class=\"elementor-element elementor-element-d7dc8a0 elementor-button-align-end elementor-widget elementor-widget-form\" data-id=\"d7dc8a0\" data-element_type=\"widget\" data-settings=\"{&quot;step_next_label&quot;:&quot;Next&quot;,&quot;step_previous_label&quot;:&quot;Previous&quot;,&quot;button_width&quot;:&quot;100&quot;,&quot;step_type&quot;:&quot;number_text&quot;,&quot;step_icon_shape&quot;:&quot;circle&quot;}\" data-widget_type=\"form.default\">\n\t\t\t\t<div class=\"elementor-widget-container\">\n\t\t\t\t\t\t\t<form class=\"elementor-form\" method=\"post\" name=\"New Form\">\n\t\t\t<input type=\"hidden\" name=\"post_id\" value=\"185\"\/>\n\t\t\t<input type=\"hidden\" name=\"form_id\" value=\"d7dc8a0\"\/>\n\t\t\t<input type=\"hidden\" name=\"referer_title\" value=\"Advertis\" \/>\n\n\t\t\t\n\t\t\t<div class=\"elementor-form-fields-wrapper elementor-labels-above\">\n\t\t\t\t\t\t\t\t<div class=\"elementor-field-type-text elementor-field-group elementor-column elementor-field-group-name elementor-col-100\">\n\t\t\t\t\t\t\t\t\t\t\t\t<label for=\"form-field-name\" class=\"elementor-field-label\">\n\t\t\t\t\t\t\t\tNimi\t\t\t\t\t\t\t<\/label>\n\t\t\t\t\t\t\t\t\t\t\t\t\t\t<input size=\"1\" type=\"text\" name=\"form_fields[name]\" id=\"form-field-name\" class=\"elementor-field elementor-size-sm  elementor-field-textual\" placeholder=\"Nimi\">\n\t\t\t\t\t\t\t\t\t\t\t<\/div>\n\t\t\t\t\t\t\t\t<div class=\"elementor-field-type-tel elementor-field-group elementor-column elementor-field-group-field_3b8d454 elementor-col-100\">\n\t\t\t\t\t\t\t\t\t\t\t\t<label for=\"form-field-field_3b8d454\" class=\"elementor-field-label\">\n\t\t\t\t\t\t\t\tTelefon\t\t\t\t\t\t\t<\/label>\n\t\t\t\t\t\t\t\t<input size=\"1\" type=\"tel\" name=\"form_fields[field_3b8d454]\" id=\"form-field-field_3b8d454\" class=\"elementor-field elementor-size-sm  elementor-field-textual\" placeholder=\"Telefon\" pattern=\"[0-9()#&amp;+*-=.]+\" title=\"Only numbers and phone characters (#, -, *, etc) are accepted.\">\n\n\t\t\t\t\t\t<\/div>\n\t\t\t\t\t\t\t\t<div class=\"elementor-field-type-email elementor-field-group elementor-column elementor-field-group-email elementor-col-100 elementor-field-required\">\n\t\t\t\t\t\t\t\t\t\t\t\t<label for=\"form-field-email\" class=\"elementor-field-label\">\n\t\t\t\t\t\t\t\tEmail\t\t\t\t\t\t\t<\/label>\n\t\t\t\t\t\t\t\t\t\t\t\t\t\t<input size=\"1\" type=\"email\" name=\"form_fields[email]\" id=\"form-field-email\" class=\"elementor-field elementor-size-sm  elementor-field-textual\" placeholder=\"Email\" required=\"required\" aria-required=\"true\">\n\t\t\t\t\t\t\t\t\t\t\t<\/div>\n\t\t\t\t\t\t\t\t<div class=\"elementor-field-type-textarea elementor-field-group elementor-column elementor-field-group-message elementor-col-100 elementor-field-required\">\n\t\t\t\t\t\t\t\t\t\t\t\t<label for=\"form-field-message\" class=\"elementor-field-label\">\n\t\t\t\t\t\t\t\tKirjuta meile\t\t\t\t\t\t\t<\/label>\n\t\t\t\t\t\t<textarea class=\"elementor-field-textual elementor-field  elementor-size-sm\" name=\"form_fields[message]\" id=\"form-field-message\" rows=\"4\" placeholder=\"Kirjuta meile\" required=\"required\" aria-required=\"true\"><\/textarea>\t\t\t\t<\/div>\n\t\t\t\t\t\t\t\t<div class=\"elementor-field-type-recaptcha_v3 elementor-field-group elementor-column elementor-field-group-field_c5b84aa elementor-col-100 recaptcha_v3-bottomleft\">\n\t\t\t\t\t<div class=\"elementor-field\" id=\"form-field-field_c5b84aa\"><div class=\"elementor-g-recaptcha\" data-sitekey=\"6LemjEIaAAAAAB6KHtFds0Axi0e2Ad1spakPmYW0\" data-type=\"v3\" data-action=\"Form\" data-badge=\"bottomleft\" data-size=\"invisible\"><\/div><\/div>\t\t\t\t<\/div>\n\t\t\t\t\t\t\t\t<div class=\"elementor-field-group elementor-column elementor-field-type-submit elementor-col-100 e-form__buttons\">\n\t\t\t\t\t<button type=\"submit\" class=\"elementor-button elementor-size-sm\">\n\t\t\t\t\t\t<span >\n\t\t\t\t\t\t\t\t\t\t\t\t\t\t\t<span class=\"elementor-align-icon-right elementor-button-icon\">\n\t\t\t\t\t\t\t\t\t<i aria-hidden=\"true\" class=\"fas fa-arrow-right\"><\/i>\t\t\t\t\t\t\t\t\t\t\t\t\t\t\t\t\t<\/span>\n\t\t\t\t\t\t\t\t\t\t\t\t\t\t\t\t\t\t\t\t\t\t<span class=\"elementor-button-text\">Saada<\/span>\n\t\t\t\t\t\t\t\t\t\t\t\t\t<\/span>\n\t\t\t\t\t<\/button>\n\t\t\t\t<\/div>\n\t\t\t<\/div>\n\t\t<\/form>\n\t\t\t\t\t\t<\/div>\n\t\t\t\t<\/div>\n\t\t\t\t\t<\/div>\n\t\t<\/div>\n\t\t\t\t<div class=\"elementor-column elementor-col-50 elementor-top-column elementor-element elementor-element-4be75910 elementor-invisible\" data-id=\"4be75910\" data-element_type=\"column\" data-settings=\"{&quot;animation&quot;:&quot;fadeInRight&quot;}\">\n\t\t\t<div class=\"elementor-widget-wrap elementor-element-populated\">\n\t\t\t\t\t\t<div class=\"elementor-element elementor-element-5c074491 elementor-widget elementor-widget-heading\" data-id=\"5c074491\" data-element_type=\"widget\" data-widget_type=\"heading.default\">\n\t\t\t\t<div class=\"elementor-widget-container\">\n\t\t\t\t\t<h3 class=\"elementor-heading-title elementor-size-default\">Kirjuta meile ja...<\/h3>\t\t\t\t<\/div>\n\t\t\t\t<\/div>\n\t\t\t\t<div class=\"elementor-element elementor-element-78b4f36e elementor-widget elementor-widget-heading\" data-id=\"78b4f36e\" data-element_type=\"widget\" data-widget_type=\"heading.default\">\n\t\t\t\t<div class=\"elementor-widget-container\">\n\t\t\t\t\t<h2 class=\"elementor-heading-title elementor-size-default\"><h2 class=\"elementor-heading-title elementor-size-default elementor-inline-editing pen\" data-elementor-setting-key=\"title\" data-pen-placeholder=\"Type Here...\" style=\"font-size: 2rem;font-style: normal;font-weight: 600;line-height: 1.3;font-family: Roboto, sans-serif;text-transform: none\">Asume asja kallale!<\/h2><\/h2>\t\t\t\t<\/div>\n\t\t\t\t<\/div>\n\t\t\t\t<div class=\"elementor-element elementor-element-723ba759 elementor-widget elementor-widget-text-editor\" data-id=\"723ba759\" data-element_type=\"widget\" data-widget_type=\"text-editor.default\">\n\t\t\t\t<div class=\"elementor-widget-container\">\n\t\t\t\t\t\t\t\t\t<p class=\"p1\"><span style=\"color: #000000; font-family: Roboto, sans-serif; font-size: 19.5px; font-style: normal; font-weight: 400;\">On sul m\u00f5ni huvitav idee, v\u00f5i vajab su veebileht t\u00e4iendamist?<\/span><br style=\"color: #000000; font-family: Roboto, sans-serif; font-size: 19.5px;\" \/><span style=\"font-size: 19.5px; font-style: normal; font-weight: bold; color: #000000; font-family: Roboto, sans-serif;\">Kirjuta<\/span><span style=\"color: #000000; font-family: Roboto, sans-serif; font-size: 19.5px; font-style: normal; font-weight: 400;\">\u00a0meile ja leiame koos lahenduse!<\/span><\/p>\t\t\t\t\t\t\t\t<\/div>\n\t\t\t\t<\/div>\n\t\t\t\t\t<\/div>\n\t\t<\/div>\n\t\t\t\t\t<\/div>\n\t\t<\/section>\n\t\t\t\t<section class=\"elementor-section elementor-top-section elementor-element elementor-element-2e4f9dd5 elementor-section-boxed elementor-section-height-default elementor-section-height-default\" data-id=\"2e4f9dd5\" data-element_type=\"section\" data-settings=\"{&quot;background_background&quot;:&quot;classic&quot;,&quot;shape_divider_top&quot;:&quot;waves&quot;}\">\n\t\t\t\t\t\t\t<div class=\"elementor-background-overlay\"><\/div>\n\t\t\t\t\t\t<div class=\"elementor-shape elementor-shape-top\" aria-hidden=\"true\" data-negative=\"false\">\n\t\t\t<svg xmlns=\"http:\/\/www.w3.org\/2000\/svg\" viewBox=\"0 0 1000 100\" preserveAspectRatio=\"none\">\n\t<path class=\"elementor-shape-fill\" d=\"M421.9,6.5c22.6-2.5,51.5,0.4,75.5,5.3c23.6,4.9,70.9,23.5,100.5,35.7c75.8,32.2,133.7,44.5,192.6,49.7\n\tc23.6,2.1,48.7,3.5,103.4-2.5c54.7-6,106.2-25.6,106.2-25.6V0H0v30.3c0,0,72,32.6,158.4,30.5c39.2-0.7,92.8-6.7,134-22.4\n\tc21.2-8.1,52.2-18.2,79.7-24.2C399.3,7.9,411.6,7.5,421.9,6.5z\"\/>\n<\/svg>\t\t<\/div>\n\t\t\t\t\t<div class=\"elementor-container elementor-column-gap-default\">\n\t\t\t\t\t<div class=\"elementor-column elementor-col-50 elementor-top-column elementor-element elementor-element-69362c87\" data-id=\"69362c87\" data-element_type=\"column\">\n\t\t\t<div class=\"elementor-widget-wrap elementor-element-populated\">\n\t\t\t\t\t\t<div class=\"elementor-element elementor-element-c6663ba elementor-invisible elementor-widget elementor-widget-heading\" data-id=\"c6663ba\" data-element_type=\"widget\" data-settings=\"{&quot;_animation&quot;:&quot;zoomIn&quot;}\" data-widget_type=\"heading.default\">\n\t\t\t\t<div class=\"elementor-widget-container\">\n\t\t\t\t\t<h4 class=\"elementor-heading-title elementor-size-default\">Tundub lahe?<\/h4>\t\t\t\t<\/div>\n\t\t\t\t<\/div>\n\t\t\t\t<div class=\"elementor-element elementor-element-7bc9e89c elementor-invisible elementor-widget elementor-widget-heading\" data-id=\"7bc9e89c\" data-element_type=\"widget\" data-settings=\"{&quot;_animation&quot;:&quot;zoomIn&quot;}\" data-widget_type=\"heading.default\">\n\t\t\t\t<div class=\"elementor-widget-container\">\n\t\t\t\t\t<h2 class=\"elementor-heading-title elementor-size-default\">Viska pilk peale...<\/h2>\t\t\t\t<\/div>\n\t\t\t\t<\/div>\n\t\t\t\t<div class=\"elementor-element elementor-element-18f62fab elementor-mobile-align-center elementor-invisible elementor-widget elementor-widget-button\" data-id=\"18f62fab\" data-element_type=\"widget\" data-settings=\"{&quot;_animation&quot;:&quot;zoomIn&quot;}\" data-widget_type=\"button.default\">\n\t\t\t\t<div class=\"elementor-widget-container\">\n\t\t\t\t\t\t\t\t\t<div class=\"elementor-button-wrapper\">\n\t\t\t\t\t<a class=\"elementor-button elementor-button-link elementor-size-md\" href=\"http:\/\/www.advertis.ee\/mida-me-teeme\/\">\n\t\t\t\t\t\t<span class=\"elementor-button-content-wrapper\">\n\t\t\t\t\t\t<span class=\"elementor-button-icon\">\n\t\t\t\t<i aria-hidden=\"true\" class=\"fas fa-arrow-right\"><\/i>\t\t\t<\/span>\n\t\t\t\t\t\t\t\t\t<span class=\"elementor-button-text\">Teenused<\/span>\n\t\t\t\t\t<\/span>\n\t\t\t\t\t<\/a>\n\t\t\t\t<\/div>\n\t\t\t\t\t\t\t\t<\/div>\n\t\t\t\t<\/div>\n\t\t\t\t<div class=\"elementor-element elementor-element-cebb5cf animated-slow elementor-invisible elementor-widget elementor-widget-global elementor-global-520 elementor-widget-image\" data-id=\"cebb5cf\" data-element_type=\"widget\" data-settings=\"{&quot;_animation&quot;:&quot;zoomIn&quot;}\" data-widget_type=\"image.default\">\n\t\t\t\t<div class=\"elementor-widget-container\">\n\t\t\t\t\t\t\t\t\t\t\t\t\t\t\t<img fetchpriority=\"high\" decoding=\"async\" width=\"1920\" height=\"300\" src=\"https:\/\/i0.wp.com\/advertis.ee\/wp-content\/uploads\/2020\/07\/Footer.png?fit=1920%2C300&amp;ssl=1\" class=\"elementor-animation-grow attachment-full size-full wp-image-311\" alt=\"\" srcset=\"https:\/\/i0.wp.com\/advertis.ee\/wp-content\/uploads\/2020\/07\/Footer.png?w=1920&amp;ssl=1 1920w, https:\/\/i0.wp.com\/advertis.ee\/wp-content\/uploads\/2020\/07\/Footer.png?resize=300%2C47&amp;ssl=1 300w, https:\/\/i0.wp.com\/advertis.ee\/wp-content\/uploads\/2020\/07\/Footer.png?resize=1024%2C160&amp;ssl=1 1024w, https:\/\/i0.wp.com\/advertis.ee\/wp-content\/uploads\/2020\/07\/Footer.png?resize=768%2C120&amp;ssl=1 768w, https:\/\/i0.wp.com\/advertis.ee\/wp-content\/uploads\/2020\/07\/Footer.png?resize=1536%2C240&amp;ssl=1 1536w\" sizes=\"(max-width: 1000px) 100vw, 1000px\" \/>\t\t\t\t\t\t\t\t\t\t\t\t\t\t\t<\/div>\n\t\t\t\t<\/div>\n\t\t\t\t\t<\/div>\n\t\t<\/div>\n\t\t\t\t<div class=\"elementor-column elementor-col-50 elementor-top-column elementor-element elementor-element-10dacf7d\" data-id=\"10dacf7d\" data-element_type=\"column\">\n\t\t\t<div class=\"elementor-widget-wrap elementor-element-populated\">\n\t\t\t\t\t\t<div class=\"elementor-element elementor-element-57fe5a4 elementor-invisible elementor-widget elementor-widget-image\" data-id=\"57fe5a4\" data-element_type=\"widget\" data-settings=\"{&quot;motion_fx_motion_fx_scrolling&quot;:&quot;yes&quot;,&quot;motion_fx_translateY_effect&quot;:&quot;yes&quot;,&quot;motion_fx_translateY_direction&quot;:&quot;negative&quot;,&quot;motion_fx_translateY_speed&quot;:{&quot;unit&quot;:&quot;px&quot;,&quot;size&quot;:&quot;1&quot;,&quot;sizes&quot;:[]},&quot;motion_fx_devices&quot;:[&quot;desktop&quot;,&quot;tablet&quot;],&quot;motion_fx_translateY_affectedRange&quot;:{&quot;unit&quot;:&quot;%&quot;,&quot;size&quot;:&quot;&quot;,&quot;sizes&quot;:{&quot;start&quot;:&quot;0&quot;,&quot;end&quot;:&quot;50&quot;}},&quot;_animation&quot;:&quot;zoomIn&quot;}\" data-widget_type=\"image.default\">\n\t\t\t\t<div class=\"elementor-widget-container\">\n\t\t\t\t\t\t\t\t\t\t\t\t\t\t\t<img decoding=\"async\" width=\"539\" height=\"539\" src=\"https:\/\/i0.wp.com\/advertis.ee\/wp-content\/uploads\/2020\/08\/CTA-contact-us-new.png?fit=539%2C539&amp;ssl=1\" class=\"attachment-full size-full wp-image-452\" alt=\"\" srcset=\"https:\/\/i0.wp.com\/advertis.ee\/wp-content\/uploads\/2020\/08\/CTA-contact-us-new.png?w=539&amp;ssl=1 539w, https:\/\/i0.wp.com\/advertis.ee\/wp-content\/uploads\/2020\/08\/CTA-contact-us-new.png?resize=300%2C300&amp;ssl=1 300w, https:\/\/i0.wp.com\/advertis.ee\/wp-content\/uploads\/2020\/08\/CTA-contact-us-new.png?resize=150%2C150&amp;ssl=1 150w\" sizes=\"(max-width: 539px) 100vw, 539px\" \/>\t\t\t\t\t\t\t\t\t\t\t\t\t\t\t<\/div>\n\t\t\t\t<\/div>\n\t\t\t\t\t<\/div>\n\t\t<\/div>\n\t\t\t\t\t<\/div>\n\t\t<\/section>\n\t\t\t\t<\/div>\n\t\t","protected":false},"excerpt":{"rendered":"<p>Contact There is power in cooperation Write to us and\u2026 We are working on it! Do you have an interesting idea, or need to improve your website? Write to us and we will find a solution together! Sounds cool? Take a look\u2026 Services<\/p>","protected":false},"author":1,"featured_media":0,"parent":0,"menu_order":0,"comment_status":"closed","ping_status":"closed","template":"","meta":{"footnotes":""},"yoast_head":"<!-- This site is optimized with the Yoast SEO plugin v24.5 - https:\/\/yoast.com\/wordpress\/plugins\/seo\/ -->\n<title>Kontakt - Advertis<\/title>\n<meta name=\"description\" content=\"A software development company providing digital business solutions for the modern world.\" \/>\n<meta name=\"robots\" content=\"index, follow, max-snippet:-1, max-image-preview:large, max-video-preview:-1\" \/>\n<link rel=\"canonical\" href=\"https:\/\/advertis.ee\/en\/kontakt\/\" \/>\n<meta property=\"og:locale\" content=\"en_GB\" \/>\n<meta property=\"og:type\" content=\"article\" \/>\n<meta property=\"og:title\" content=\"Kontakt - Advertis\" \/>\n<meta property=\"og:description\" content=\"A software development company providing digital business solutions for the modern world.\" \/>\n<meta property=\"og:url\" content=\"https:\/\/advertis.ee\/en\/kontakt\/\" \/>\n<meta property=\"og:site_name\" content=\"Advertis\" \/>\n<meta property=\"article:publisher\" content=\"https:\/\/www.facebook.com\/advertisEST\" \/>\n<meta property=\"article:modified_time\" content=\"2022-07-26T10:51:58+00:00\" \/>\n<meta property=\"og:image\" content=\"https:\/\/advertis.ee\/wp-content\/uploads\/2020\/07\/Footer.png\" \/>\n<meta name=\"twitter:card\" content=\"summary_large_image\" \/>\n<meta name=\"twitter:label1\" content=\"Estimated reading time\" \/>\n\t<meta name=\"twitter:data1\" content=\"1 minute\" \/>\n<script type=\"application\/ld+json\" class=\"yoast-schema-graph\">{\"@context\":\"https:\/\/schema.org\",\"@graph\":[{\"@type\":\"WebPage\",\"@id\":\"https:\/\/advertis.ee\/kontakt\/\",\"url\":\"https:\/\/advertis.ee\/kontakt\/\",\"name\":\"Kontakt - Advertis\",\"isPartOf\":{\"@id\":\"https:\/\/advertis.ee\/#website\"},\"primaryImageOfPage\":{\"@id\":\"https:\/\/advertis.ee\/kontakt\/#primaryimage\"},\"image\":{\"@id\":\"https:\/\/advertis.ee\/kontakt\/#primaryimage\"},\"thumbnailUrl\":\"https:\/\/advertis.ee\/wp-content\/uploads\/2020\/07\/Footer.png\",\"datePublished\":\"2020-07-25T20:52:48+00:00\",\"dateModified\":\"2022-07-26T10:51:58+00:00\",\"description\":\"A software development company providing digital business solutions for the modern world.\",\"breadcrumb\":{\"@id\":\"https:\/\/advertis.ee\/kontakt\/#breadcrumb\"},\"inLanguage\":\"en-GB\",\"potentialAction\":[{\"@type\":\"ReadAction\",\"target\":[\"https:\/\/advertis.ee\/kontakt\/\"]}]},{\"@type\":\"ImageObject\",\"inLanguage\":\"en-GB\",\"@id\":\"https:\/\/advertis.ee\/kontakt\/#primaryimage\",\"url\":\"https:\/\/advertis.ee\/wp-content\/uploads\/2020\/07\/Footer.png\",\"contentUrl\":\"https:\/\/advertis.ee\/wp-content\/uploads\/2020\/07\/Footer.png\"},{\"@type\":\"BreadcrumbList\",\"@id\":\"https:\/\/advertis.ee\/kontakt\/#breadcrumb\",\"itemListElement\":[{\"@type\":\"ListItem\",\"position\":1,\"name\":\"Home\",\"item\":\"https:\/\/advertis.ee\/\"},{\"@type\":\"ListItem\",\"position\":2,\"name\":\"Kontakt\"}]},{\"@type\":\"WebSite\",\"@id\":\"https:\/\/advertis.ee\/#website\",\"url\":\"https:\/\/advertis.ee\/\",\"name\":\"Advertis\",\"description\":\"A Digital Web Agency\",\"publisher\":{\"@id\":\"https:\/\/advertis.ee\/#organization\"},\"potentialAction\":[{\"@type\":\"SearchAction\",\"target\":{\"@type\":\"EntryPoint\",\"urlTemplate\":\"https:\/\/advertis.ee\/?s={search_term_string}\"},\"query-input\":{\"@type\":\"PropertyValueSpecification\",\"valueRequired\":true,\"valueName\":\"search_term_string\"}}],\"inLanguage\":\"en-GB\"},{\"@type\":\"Organization\",\"@id\":\"https:\/\/advertis.ee\/#organization\",\"name\":\"Advertis\",\"url\":\"https:\/\/advertis.ee\/\",\"logo\":{\"@type\":\"ImageObject\",\"inLanguage\":\"en-GB\",\"@id\":\"https:\/\/advertis.ee\/#\/schema\/logo\/image\/\",\"url\":\"https:\/\/i0.wp.com\/advertis.ee\/wp-content\/uploads\/2020\/07\/cropped-Logo-primary-transparent.png?fit=523%2C78&ssl=1\",\"contentUrl\":\"https:\/\/i0.wp.com\/advertis.ee\/wp-content\/uploads\/2020\/07\/cropped-Logo-primary-transparent.png?fit=523%2C78&ssl=1\",\"width\":523,\"height\":78,\"caption\":\"Advertis\"},\"image\":{\"@id\":\"https:\/\/advertis.ee\/#\/schema\/logo\/image\/\"},\"sameAs\":[\"https:\/\/www.facebook.com\/advertisEST\",\"https:\/\/www.linkedin.com\/company\/advertisoy\"]}]}<\/script>\n<!-- \/ Yoast SEO plugin. -->","yoast_head_json":{"title":"Kontakt - Advertis","description":"A software development company providing digital business solutions for the modern world.","robots":{"index":"index","follow":"follow","max-snippet":"max-snippet:-1","max-image-preview":"max-image-preview:large","max-video-preview":"max-video-preview:-1"},"canonical":"https:\/\/advertis.ee\/en\/kontakt\/","og_locale":"en_GB","og_type":"article","og_title":"Kontakt - Advertis","og_description":"A software development company providing digital business solutions for the modern world.","og_url":"https:\/\/advertis.ee\/en\/kontakt\/","og_site_name":"Advertis","article_publisher":"https:\/\/www.facebook.com\/advertisEST","article_modified_time":"2022-07-26T10:51:58+00:00","og_image":[{"url":"https:\/\/advertis.ee\/wp-content\/uploads\/2020\/07\/Footer.png","type":"","width":"","height":""}],"twitter_card":"summary_large_image","twitter_misc":{"Estimated reading time":"1 minute"},"schema":{"@context":"https:\/\/schema.org","@graph":[{"@type":"WebPage","@id":"https:\/\/advertis.ee\/kontakt\/","url":"https:\/\/advertis.ee\/kontakt\/","name":"Kontakt - Advertis","isPartOf":{"@id":"https:\/\/advertis.ee\/#website"},"primaryImageOfPage":{"@id":"https:\/\/advertis.ee\/kontakt\/#primaryimage"},"image":{"@id":"https:\/\/advertis.ee\/kontakt\/#primaryimage"},"thumbnailUrl":"https:\/\/advertis.ee\/wp-content\/uploads\/2020\/07\/Footer.png","datePublished":"2020-07-25T20:52:48+00:00","dateModified":"2022-07-26T10:51:58+00:00","description":"A software development company providing digital business solutions for the modern world.","breadcrumb":{"@id":"https:\/\/advertis.ee\/kontakt\/#breadcrumb"},"inLanguage":"en-GB","potentialAction":[{"@type":"ReadAction","target":["https:\/\/advertis.ee\/kontakt\/"]}]},{"@type":"ImageObject","inLanguage":"en-GB","@id":"https:\/\/advertis.ee\/kontakt\/#primaryimage","url":"https:\/\/advertis.ee\/wp-content\/uploads\/2020\/07\/Footer.png","contentUrl":"https:\/\/advertis.ee\/wp-content\/uploads\/2020\/07\/Footer.png"},{"@type":"BreadcrumbList","@id":"https:\/\/advertis.ee\/kontakt\/#breadcrumb","itemListElement":[{"@type":"ListItem","position":1,"name":"Home","item":"https:\/\/advertis.ee\/"},{"@type":"ListItem","position":2,"name":"Kontakt"}]},{"@type":"WebSite","@id":"https:\/\/advertis.ee\/#website","url":"https:\/\/advertis.ee\/","name":"Advertis","description":"A Digital Web Agency","publisher":{"@id":"https:\/\/advertis.ee\/#organization"},"potentialAction":[{"@type":"SearchAction","target":{"@type":"EntryPoint","urlTemplate":"https:\/\/advertis.ee\/?s={search_term_string}"},"query-input":{"@type":"PropertyValueSpecification","valueRequired":true,"valueName":"search_term_string"}}],"inLanguage":"en-GB"},{"@type":"Organization","@id":"https:\/\/advertis.ee\/#organization","name":"Advertis","url":"https:\/\/advertis.ee\/","logo":{"@type":"ImageObject","inLanguage":"en-GB","@id":"https:\/\/advertis.ee\/#\/schema\/logo\/image\/","url":"https:\/\/i0.wp.com\/advertis.ee\/wp-content\/uploads\/2020\/07\/cropped-Logo-primary-transparent.png?fit=523%2C78&ssl=1","contentUrl":"https:\/\/i0.wp.com\/advertis.ee\/wp-content\/uploads\/2020\/07\/cropped-Logo-primary-transparent.png?fit=523%2C78&ssl=1","width":523,"height":78,"caption":"Advertis"},"image":{"@id":"https:\/\/advertis.ee\/#\/schema\/logo\/image\/"},"sameAs":["https:\/\/www.facebook.com\/advertisEST","https:\/\/www.linkedin.com\/company\/advertisoy"]}]}},"jetpack_sharing_enabled":true,"_links":{"self":[{"href":"https:\/\/advertis.ee\/en\/wp-json\/wp\/v2\/pages\/185"}],"collection":[{"href":"https:\/\/advertis.ee\/en\/wp-json\/wp\/v2\/pages"}],"about":[{"href":"https:\/\/advertis.ee\/en\/wp-json\/wp\/v2\/types\/page"}],"author":[{"embeddable":true,"href":"https:\/\/advertis.ee\/en\/wp-json\/wp\/v2\/users\/1"}],"replies":[{"embeddable":true,"href":"https:\/\/advertis.ee\/en\/wp-json\/wp\/v2\/comments?post=185"}],"version-history":[{"count":5,"href":"https:\/\/advertis.ee\/en\/wp-json\/wp\/v2\/pages\/185\/revisions"}],"predecessor-version":[{"id":2008,"href":"https:\/\/advertis.ee\/en\/wp-json\/wp\/v2\/pages\/185\/revisions\/2008"}],"wp:attachment":[{"href":"https:\/\/advertis.ee\/en\/wp-json\/wp\/v2\/media?parent=185"}],"curies":[{"name":"wp","href":"https:\/\/api.w.org\/{rel}","templated":true}]}}